{"id":1110,"date":"2024-04-17T00:48:17","date_gmt":"2024-04-17T00:48:17","guid":{"rendered":"https:\/\/www.refulgir.com\/k\/?page_id=1110"},"modified":"2024-04-17T00:48:17","modified_gmt":"2024-04-17T00:48:17","slug":"donar","status":"publish","type":"page","link":"https:\/\/www.refulgir.com\/k\/fr\/donar\/","title":{"rendered":"Donner de l&rsquo;argent \u00e0 Roberto Dan"},"content":{"rendered":"\n<p>Si vous souhaitez soutenir Roberto Dan Medrano Gonz\u00e1lez dans ses efforts artistiques ou philosophiques, vous pouvez donner le montant que vous d\u00e9sirez via ce lien PayPal : <a href=\"https:\/\/www.paypal.com\/donate\/?hosted_button_id=ZDUSFBT5SVXYC\">https:\/\/www.paypal.com\/donate\/?hosted_button_id=ZDUSFBT5SVXYC<\/a><\/p>\n\n\n\n<p>Roberto Dan recevra directement le montant donn\u00e9 (moins les frais de transaction).<\/p>\n\n\n\n<p>Roberto Dan vous remercie d&rsquo;avoir atteint cette page et de consid\u00e9rer apporter une contribution. L&rsquo;art et la philosophie ne produisent pas beaucoup d&rsquo;argent, \u00e0 moins qu&rsquo;ils ne soient express\u00e9ment faits pour en gagner, ce qui compromet souvent l&rsquo;int\u00e9grit\u00e9 artistique de l&rsquo;auteur. C&rsquo;est pourquoi Roberto Dan a fait d&rsquo;\u00e9normes efforts pour maintenir sa production artistique et intellectuelle libre de toute influence commerciale ou institutionnelle. Personne ne contr\u00f4le ni ne dirige son \u0153uvre, sauf lui, et vous pouvez profiter d&rsquo;une exp\u00e9rience esth\u00e9tique libre de marketing et d&rsquo;autres toxicit\u00e9s.<\/p>\n","protected":false},"excerpt":{"rendered":"<p>Si vous souhaitez soutenir Roberto Dan Medrano Gonz\u00e1lez dans ses efforts artistiques ou philosophiques, vous pouvez donner le montant que vous d\u00e9sirez via ce lien PayPal : https:\/\/www.paypal.com\/donate\/?hosted_button_id=ZDUSFBT5SVXYC Roberto Dan recevra directement le montant donn\u00e9 (moins les frais de transaction). Roberto Dan vous remercie d&rsquo;avoir atteint cette page et de consid\u00e9rer apporter une contribution. L&rsquo;art [&hellip;]<\/p>\n","protected":false},"author":1,"featured_media":0,"parent":0,"menu_order":0,"comment_status":"closed","ping_status":"closed","template":"","meta":{"_locale":"fr_FR","_original_post":"https:\/\/www.refulgir.com\/k\/?page_id=1106","footnotes":""},"class_list":["post-1110","page","type-page","status-publish","hentry","fr-FR"],"_links":{"self":[{"href":"https:\/\/www.refulgir.com\/k\/wp-json\/wp\/v2\/pages\/1110","targetHints":{"allow":["GET"]}}],"collection":[{"href":"https:\/\/www.refulgir.com\/k\/wp-json\/wp\/v2\/pages"}],"about":[{"href":"https:\/\/www.refulgir.com\/k\/wp-json\/wp\/v2\/types\/page"}],"author":[{"embeddable":true,"href":"https:\/\/www.refulgir.com\/k\/wp-json\/wp\/v2\/users\/1"}],"replies":[{"embeddable":true,"href":"https:\/\/www.refulgir.com\/k\/wp-json\/wp\/v2\/comments?post=1110"}],"version-history":[{"count":1,"href":"https:\/\/www.refulgir.com\/k\/wp-json\/wp\/v2\/pages\/1110\/revisions"}],"predecessor-version":[{"id":1118,"href":"https:\/\/www.refulgir.com\/k\/wp-json\/wp\/v2\/pages\/1110\/revisions\/1118"}],"wp:attachment":[{"href":"https:\/\/www.refulgir.com\/k\/wp-json\/wp\/v2\/media?parent=1110"}],"curies":[{"name":"wp","href":"https:\/\/api.w.org\/{rel}","templated":true}]}}