{"id":1106,"date":"2024-04-17T00:29:58","date_gmt":"2024-04-17T00:29:58","guid":{"rendered":"https:\/\/www.refulgir.com\/k\/?page_id=1106"},"modified":"2024-04-17T00:47:12","modified_gmt":"2024-04-17T00:47:12","slug":"donar","status":"publish","type":"page","link":"https:\/\/www.refulgir.com\/k\/donar\/","title":{"rendered":"Donar dinero a Roberto Dan"},"content":{"rendered":"\n<p>Si desea apoyar a Roberto Dan Medrano Gonz\u00e1lez en su labor art\u00edstica o filos\u00f3fica, puede donar la cantidad monetaria que usted desee a trav\u00e9s de este enlace de paypal: <a href=\"https:\/\/www.paypal.com\/donate\/?hosted_button_id=ZDUSFBT5SVXYC\">https:\/\/www.paypal.com\/donate\/?hosted_button_id=ZDUSFBT5SVXYC<\/a><\/p>\n\n\n\n<p>Roberto Dan recibir\u00e1 directamente el importe donado (menos la comisi\u00f3n de la transacci\u00f3n).<\/p>\n\n\n\n<p>Roberto Dan le agradece que haya llegado usted hasta esta p\u00e1gina y est\u00e9 considerando aportar alguna cantidad. El arte y la filosof\u00eda no producen mucho dinero, a no ser que se hagan ex profeso para ganar dinero, lo que suele comprometer la integridad art\u00edstica del autor. Por eso es que Roberto Dan ha hecho enormes esfuerzos por mantener su producci\u00f3n art\u00edstica e intelectual libre de influencias comerciales o institucionales. Nadie controla ni dirige su obra m\u00e1s que \u00e9l, y usted puede disfrutar de una experiencia est\u00e9tica libre de mercadotecnia y dem\u00e1s toxicidad.<\/p>\n","protected":false},"excerpt":{"rendered":"<p>Si desea apoyar a Roberto Dan Medrano Gonz\u00e1lez en su labor art\u00edstica o filos\u00f3fica, puede donar la cantidad monetaria que usted desee a trav\u00e9s de este enlace de paypal: https:\/\/www.paypal.com\/donate\/?hosted_button_id=ZDUSFBT5SVXYC Roberto Dan recibir\u00e1 directamente el importe donado (menos la comisi\u00f3n de la transacci\u00f3n). Roberto Dan le agradece que haya llegado usted hasta esta p\u00e1gina y [&hellip;]<\/p>\n","protected":false},"author":1,"featured_media":0,"parent":0,"menu_order":0,"comment_status":"closed","ping_status":"closed","template":"","meta":{"_locale":"es_ES","_original_post":"https:\/\/www.refulgir.com\/k\/?page_id=1106","footnotes":""},"class_list":["post-1106","page","type-page","status-publish","hentry","es-ES"],"_links":{"self":[{"href":"https:\/\/www.refulgir.com\/k\/wp-json\/wp\/v2\/pages\/1106","targetHints":{"allow":["GET"]}}],"collection":[{"href":"https:\/\/www.refulgir.com\/k\/wp-json\/wp\/v2\/pages"}],"about":[{"href":"https:\/\/www.refulgir.com\/k\/wp-json\/wp\/v2\/types\/page"}],"author":[{"embeddable":true,"href":"https:\/\/www.refulgir.com\/k\/wp-json\/wp\/v2\/users\/1"}],"replies":[{"embeddable":true,"href":"https:\/\/www.refulgir.com\/k\/wp-json\/wp\/v2\/comments?post=1106"}],"version-history":[{"count":4,"href":"https:\/\/www.refulgir.com\/k\/wp-json\/wp\/v2\/pages\/1106\/revisions"}],"predecessor-version":[{"id":1117,"href":"https:\/\/www.refulgir.com\/k\/wp-json\/wp\/v2\/pages\/1106\/revisions\/1117"}],"wp:attachment":[{"href":"https:\/\/www.refulgir.com\/k\/wp-json\/wp\/v2\/media?parent=1106"}],"curies":[{"name":"wp","href":"https:\/\/api.w.org\/{rel}","templated":true}]}}